{"id":4041,"date":"2023-01-01T10:32:16","date_gmt":"2023-01-01T10:32:16","guid":{"rendered":"https:\/\/koeck.de\/saunahof\/sauna-kultur\/"},"modified":"2024-08-14T06:26:28","modified_gmt":"2024-08-14T06:26:28","slug":"sauna-kultur","status":"publish","type":"page","link":"https:\/\/koeck.de\/en\/saunahof\/sauna-kultur\/","title":{"rendered":"Sauna Kultur"},"content":{"rendered":"<h2>Therme eins so nah &#8230;<\/h2>\n<h1>Der Saunahof als Nachbar<\/h1>\n<h2>BAD F\u00dcSSING SAUNAHOF THERME 1<\/h2>\n<h2>Geh\u00f6ren Sie zu den Ersten morgens,<\/h2>\n<h2>die den Saunahof der Therme 1 erleben.<\/h2>\n<h1>Der Saunahof ist Saunakultur<\/h1>\n<p style=\"text-align: justify;\">Die Kultur des Saunabesuches ist seit jeher ein beliebter Brauch. Es st\u00e4rkt nicht nur die Gesundheit, sondern ist wohltuend f\u00fcr K\u00f6rper und Psyche. Viele Besucher empfinden es als Oase der Erholung und des Wohlf\u00fchlens. In der Sauna ist das Schwitzen eine nat\u00fcrliche Erscheinung des K\u00f6rpers. \u00dcber die Haut wird die Temperatur geregelt und \u00fcbersch\u00fcssige W\u00e4rme an die Umgebung abgegeben. Der Schwei\u00df verdunstet auf der Haut und entzieht somit W\u00e4rme.<\/p>\n<h2 style=\"text-align: justify;\">Gesundheit, die Spa\u00df macht<\/h2>\n<p style=\"text-align: justify;\">Als Eldorado f\u00fcr thermische Aktivit\u00e4ten aller Couleur genie\u00dft Bad F\u00fcssing seit jeher einen ausgezeichneten Ruf. Der textilfreie Saunahof komplettiert das urspr\u00fcgliche Thermalbadeerlebnis auf seine eigene Art.<br \/>\nNeuinterpretation der Saunavielfalt als Spaerlebnis. Vielfalt, Einfallsreichtum und Inszenierung zeichnen den \u00fcberaus urigen Saunahof mit gleich acht Saunen und Dampfb\u00e4dern aus. Zelebrieren Sie das mittel- und nordeurop\u00e4ische Saunavergn\u00fcgen als einen der erhabenen Momente in Bad F\u00fcssing.<br \/>\nEin unbeschreibliches Gef\u00fchl der Ganzheit und F\u00fclle entsteht.\u00a0 Ausstrahlung, Energie und Vitalit\u00e4t kehren wieder zur\u00fcck.<\/p>\n<p style=\"text-align: justify;\">Haben Sie schon jemals in einem Bauernhof geschwitzt? Seit 2003 haben Sie in Bad F\u00fcssing erstmals die Gelegenheit dazu. In einem einmaligen Projekt werden auf einer Fl\u00e4che von 3000 Quadratmetern Rottaler Bauernh\u00e4user aus dem 17. und 18. Jahrhundert wieder aufgebaut. In original rustikaler Atmosph\u00e4re wurde auf dem Gel\u00e4nde der Therme I eine Wellness- und Saunalandschaft errichtet, die nach den neuesten medizinischen und technischen Gesichtspunkten konzipiert ist. Neben einer Kr\u00e4utersauna, einem r\u00f6mischen Dampfbad und einer Heubodensauna erwarten Sie ein Salzkammerl, eine Kartoffelsauna, eine Zirbelstube, zwei Aufgusssaunen, ein Wasserfall mit Abk\u00fchlbecken und zahlreiche Ruhezonen. Auch ein gro\u00dfer Whirlpool, gef\u00fcllt mit dem legend\u00e4ren Thermalwasser, ist f\u00fcr sie da.<\/p>\n<p style=\"text-align: justify;\"><strong>Den Saunahof erreichen Sie im Bademantel durch unseren Verbindungsgang!<\/strong><\/p>\n<p>Von dem Augenblick an, an dem Sie die Schwelle unseres 4*-Hotel \u00fcberschreiten, ist es unser gr\u00f6\u00dftes Bestreben, Ihren Aufenthalt zu einem unvergesslichen Erlebnis f\u00fcr Sie werden zu lassen<\/p>\n<h2><a href=\"https:\/\/koeck.de\/our-rooms\/\">Weiterlesen<\/a><\/h2>\n<p>In direkter Anbindung an die Thermen\u00adlandschaft der <em>Therme 1<\/em> finden Sie bei uns Entspannung f\u00fcr K\u00f6rper, Geist und Seele<\/p>\n<p>G\u00f6nnen Sie sich in unserem gem\u00fctlichen Familienbetrieb ein paar unvergessliche Tage fernab von L\u00e4rm, Stress und Strapazen.<br \/>\n<img style=\"height: 500px;\" alt=\"\" data-flickity-lazyload=\"https:\/\/koeck.de\/wp-content\/uploads\/2023\/01\/thermalresort-Koeck-Nacht-1024x683.jpg\" \/><br \/>\n<img style=\"height: 500px;\" alt=\"\" data-flickity-lazyload=\"https:\/\/koeck.de\/wp-content\/uploads\/2023\/01\/23.315-Fruehstueck-Therme-eins-1-1024x683.jpg\" \/><br \/>\n<img style=\"height: 500px;\" alt=\"\" data-flickity-lazyload=\"https:\/\/koeck.de\/wp-content\/uploads\/2018\/09\/koeck-eingang-03-1024x682.jpg\" \/><br \/>\n<img style=\"height: 500px;\" alt=\"\" data-flickity-lazyload=\"https:\/\/koeck.de\/wp-content\/uploads\/2023\/01\/Fotolia_58606305_S.jpg\" \/><br \/>\n<img style=\"height: 500px;\" alt=\"\" data-flickity-lazyload=\"https:\/\/koeck.de\/wp-content\/uploads\/2018\/09\/Koeck-Zimmer-KLIMA-RB0508.jpg\" \/><br \/>\n<img style=\"height: 500px;\" alt=\"\" data-flickity-lazyload=\"https:\/\/koeck.de\/wp-content\/uploads\/2018\/09\/23.315-Fruehstueck-koeck03-eins-1024x683.jpg\" \/><br \/>\n<img style=\"height: 500px;\" alt=\"\" data-flickity-lazyload=\"https:\/\/koeck.de\/wp-content\/uploads\/2018\/09\/koeck-Fitness-02-1024x640-1.jpg\" \/><br \/>\n<img style=\"height: 500px;\" alt=\"\" data-flickity-lazyload=\"https:\/\/koeck.de\/wp-content\/uploads\/2018\/09\/23.315-lobby-koeck.jpg\" \/><\/p>\n<h2>Willkommen<\/h2>\n<p>Auch im \u201eneuen\u201c <em>Thermalresort<\/em> werden wir weiter Pauschalen anbieten. Unser Hotel ist durch einen exklusiven <em>Bademantelgang<\/em> optimal an die Therme eins angebunden.<\/p>\n<h2><a href=\"http:\/\/booking.koeck.de\">Online anfragen<\/a><\/h2>\n<p><img fetchpriority=\"high\" decoding=\"async\" src=\"https:\/\/koeck.de\/wp-content\/uploads\/2023\/01\/Koeck-eingnagneu1002-1300x650-1-1024x512.jpg\" sizes=\"(max-width: 1024px) 100vw, 1024px\" srcset=\"https:\/\/koeck.de\/wp-content\/uploads\/2023\/01\/Koeck-eingnagneu1002-1300x650-1-1024x512.jpg 1024w, https:\/\/koeck.de\/wp-content\/uploads\/2023\/01\/Koeck-eingnagneu1002-1300x650-1-300x150.jpg 300w, https:\/\/koeck.de\/wp-content\/uploads\/2023\/01\/Koeck-eingnagneu1002-1300x650-1-768x384.jpg 768w, https:\/\/koeck.de\/wp-content\/uploads\/2023\/01\/Koeck-eingnagneu1002-1300x650-1-440x220.jpg 440w, https:\/\/koeck.de\/wp-content\/uploads\/2023\/01\/Koeck-eingnagneu1002-1300x650-1.jpg 1300w\" alt=\"\" width=\"1024\" height=\"512\" \/><\/p>\n","protected":false},"excerpt":{"rendered":"<p>Therme eins so nah &#8230; Der Saunahof als Nachbar BAD F\u00dcSSING SAUNAHOF THERME 1 Geh\u00f6ren Sie zu den Ersten morgens, die den Saunahof der Therme 1 erleben. Der Saunahof ist Saunakultur Die Kultur des Saunabesuches ist seit jeher ein beliebter [&hellip;]<\/p>\n","protected":false},"author":1,"featured_media":3574,"parent":3846,"menu_order":0,"comment_status":"closed","ping_status":"closed","template":"","meta":{"footnotes":""},"class_list":["post-4041","page","type-page","status-publish","has-post-thumbnail","hentry"],"_links":{"self":[{"href":"https:\/\/koeck.de\/en\/wp-json\/wp\/v2\/pages\/4041","targetHints":{"allow":["GET"]}}],"collection":[{"href":"https:\/\/koeck.de\/en\/wp-json\/wp\/v2\/pages"}],"about":[{"href":"https:\/\/koeck.de\/en\/wp-json\/wp\/v2\/types\/page"}],"author":[{"embeddable":true,"href":"https:\/\/koeck.de\/en\/wp-json\/wp\/v2\/users\/1"}],"replies":[{"embeddable":true,"href":"https:\/\/koeck.de\/en\/wp-json\/wp\/v2\/comments?post=4041"}],"version-history":[{"count":0,"href":"https:\/\/koeck.de\/en\/wp-json\/wp\/v2\/pages\/4041\/revisions"}],"up":[{"embeddable":true,"href":"https:\/\/koeck.de\/en\/wp-json\/wp\/v2\/pages\/3846"}],"wp:featuredmedia":[{"embeddable":true,"href":"https:\/\/koeck.de\/en\/wp-json\/wp\/v2\/media\/3574"}],"wp:attachment":[{"href":"https:\/\/koeck.de\/en\/wp-json\/wp\/v2\/media?parent=4041"}],"curies":[{"name":"wp","href":"https:\/\/api.w.org\/{rel}","templated":true}]}}