{"id":4073,"date":"2022-05-26T09:35:05","date_gmt":"2022-05-26T09:35:05","guid":{"rendered":"https:\/\/koeck.de\/thermalresort-agb\/"},"modified":"2023-05-17T06:46:50","modified_gmt":"2023-05-17T06:46:50","slug":"terms-conditions","status":"publish","type":"page","link":"https:\/\/koeck.de\/en\/terms-conditions\/","title":{"rendered":"Hotel K\u00f6ck Terms Conditions"},"content":{"rendered":"\r\n<p>Haftungsausschluss<\/p>\r\n<h1 class=\"wp-block-heading\">Hotel KOECK TERMS &amp; CONDITIONS<\/h1>\r\n<p>der Josef und Agnes K\u00f6ck GbR f\u00fcr erbrachte Leistungen im THERMALRESORT K\u00d6CK in Bad F\u00fcssing.<\/p>\r\n<ol>\r\n<li><strong>Vertragsverh\u00e4ltnis<\/strong><br \/>Der Vertrag kommt durch die Auftragsbest\u00e4tigung des Thermalresort K\u00f6ck mit dem Kunden (einheitliche Bezeichnung f\u00fcr Besteller, Veranstalter, Gast usw.) m\u00fcndlich oder schriftlich zustande. Eine einseitige L\u00f6sung des Gastaufnahmevertrages ohne Zustimmung des Thermalresort K\u00f6ck ist nicht m\u00f6glich. Nur diese Gesch\u00e4ftsbedingungen sind Vertragsbestandteil; etwaige Gesch\u00e4ftsbedingungen des Kunden werden nicht anerkannt. Diese Gesch\u00e4ftsbedingungen gelten f\u00fcr s\u00e4mtliche Leistungen des Hotelbetriebs \u201eThermalresort K\u00f6ck\u201c , (nachfolgend als \u201eThermalresort\u201c bezeichnet) und gilt insbesondere f\u00fcr die \u00dcberlassung von Hotelzimmern, und anderen R\u00e4umlichkeiten \/ Fl\u00e4chen des Thermalresort. Das Thermalresort kann vom Kunden und \/ oder vom Dritten eine angemessene Vorauszahlung verlangen. Bei Buchungen von \u00dcbernachtungen, und insbesondere bei Gruppenreisen obliegt es dem Thermalresort ein angemessenes Deposit bis zu 50% des vereinbarten Preises zu verlangen. Eine Unter- oder Weitervermietung bedarf der schriftlichen Einwilligung des Thermalresort.<\/li>\r\n<li><strong>Preise<\/strong><br \/>Die Preise bestimmen sich nach der im Zeitpunkt der Leistungserbringung g\u00fcltigen Preisliste. Diese sind in der Auftragsbest\u00e4tigung genannt. Liegen zwischen Vertragsabschluss und Leistungserbringung mehr als drei Monate, ist das Thermalresort berechtigt, Preis\u00e4nderungen vorzunehmen. F\u00fcr langfristig vereinbarte Logis ist sp\u00e4testens vier Wochen vor dem gebuchten Termin ein Deposit in H\u00f6he von 50% an das Thermalresort Bad F\u00fcssing zu leisten. Ansonsten gelten unsere AGB \u2013 Zahlungs- und Stornofristen<strong>.<\/strong><br \/>Falls ein Mindestumsatz vereinbart worden ist und dieser nicht erreicht wird, kann das Thermalresort Bad F\u00fcssing 60% des Differenzbetrages als entgangenen Gewinn verlangen, sofern nicht der Kunde einen niedrigeren oder das Thermalresort Bad F\u00fcssing einen h\u00f6heren entgangenen Gewinn nachweist.<br \/>Ausnahmen zu dieser Regelung werden in Pauschalvereinbarungen\/ Firmenvertr\u00e4gen, die sich \u00fcber mindestens 12 Monate beziehen m\u00fcssen, geregelt. Diese Vertr\u00e4ge sind j\u00e4hrlich neu auszuhandeln.<\/li>\r\n<li><strong>R\u00fccktritt<\/strong><br \/>Bei abgeschlossenen Hotelaufnahmevertr\u00e4gen, von denen der Kunde einseitig ohne Stornokosten nur bis zu einem vereinbarten Optionstermin schriftlich R\u00fccktritt vom Vertrag erkl\u00e4ren kann, erlischt das R\u00fccktrittsrecht auch f\u00fcr den Kunden, der Reiseveranstalter ist \u2013 wenn nicht innerhalb der in der Reservierung genannten Frist der R\u00fccktritt schriftlich gegen\u00fcber dem Thermalresort Bad F\u00fcssing erkl\u00e4rt wurde. Ist durch das Thermalresort Bad F\u00fcssing keine Frist genannt, kann der R\u00fccktritt sp\u00e4testens einen Monat vor Beginn der Leistungserbringung (schriftlich beim Thermalresort Bad F\u00fcssing eingehend) erkl\u00e4rt werden. Im Falle h\u00f6herer Gewalt oder sonstiger, vom Thermalresort Bad F\u00fcssing nicht zu vertretender Hinderungsgr\u00fcnde, insbesondere solche au\u00dferhalb der Einflu\u00dfsph\u00e4re des THERMALRESORT K\u00d6CK Bad F\u00fcssing, beh\u00e4lt sich das THERMALRESORT K\u00d6CK Bad F\u00fcssing das Recht vor, vom Vertrag zur\u00fcckzutreten, ohne da\u00df dem Gast Ersatzanspr\u00fcche zustehen. Selbstverst\u00e4ndlich wird sich das THERMALRESORT K\u00d6CK Bad F\u00fcssing bem\u00fchen, einen geeigneten Ersatz beizubringen. Eine kostenlose Stornierung ist bis 29 Tage vor Anreise m\u00f6glich. F\u00fcr eine Stornierung vor dem vereinbarten Leistungszeitraum werden 60 % zwischen dem 21. und 28. Tag und 80 % zwischen dem 20. Tag und dem Anreisetag berechnet. Erfolgt die Anreise nicht und\/oder wird die Stornierung der bestellten Leistung seitens des Vertragspartners weder telefonisch noch schriftlich avisiert, werden\u00a0 90% bezogen auf den vereinbarten Preis f\u00fcr die bestellte Leistung f\u00e4llig. Dies gilt auch bei einer vorzeitigen Abreise. F\u00fcr Gruppenbuchungen gelten gesonderte Stornierungsbedingungen. Bei Gruppenreisen gelten folgende Stornierungsbedingungen:<br \/>Logis bis 10 Personen<br \/>bis 21 Tage vor Anreise kostenfrei<br \/>bis 20 Tage vor Anreise 80 % des vereinbarten Gesamtpreises des 1. Reisetages<br \/>Logis ab 11 Personen<br \/>bis 21 Tage vor Anreise kostenfrei<br \/>bis 14 Tage vor Anreise kostenfrei, falls weniger als 50 % der Gruppenteilnehmer stornieren, dar\u00fcber hinaus 50 % des vereinbarten Gesamtpreises des 1. Reisetages inkl. der 1. \u00dcbernachtung bis 3 Tage vor Anreise 80 % des vereinbarten Gesamtpreises des 1. Reisetages inkl. der 1. \u00dcbernachtung unter 3 Tage vor Anreise voller Gesamtpreis des 1. Reisetages inkl. der 1. \u00dcbernachtung und 80 % f\u00fcr die weiteren Tage, wenn die gebuchte Leistung nicht anderweitig verkauft werden kann<br \/>Logis ab 20 Personen<br \/>bis 90 Tage vor Anreise kostenfrei<br \/>bis 21 Tage vor Anreise kostenfrei, falls weniger als 50 % der Gruppenteilnehmer stornieren, dar\u00fcber hinaus 50 % des vereinbarten Gesamtpreises des 1. Reisetages inkl. der 1. \u00dcbernachtung bis 3 Tage vor Anreise 80 % des vereinbarten Gesamtpreises des 1. Reisetages inkl. der 1. \u00dcbernachtung<br \/>unter 3 Tage vor Anreise voller Gesamtpreis des 1. Reisetages inkl. der 1. \u00dcbernachtung und 80 % f\u00fcr die weiteren Tage, wenn die gebuchte Leistung nicht anderweitig verkauft werden kann.<br \/>Im \u00fcbrigen bleiben Schadensersatzforderungen bei Ausfall im Gastronomie- wie Beherbergungsbereich gem. \u00a7\u00a7 288, 289 (Verzugszinsen) davon unber\u00fchrt und unterliegen der Entscheidung des THERMALRESORT K\u00d6CK Bad F\u00fcssing. In allen F\u00e4llen bleibt der Gast der Nachweis eines niedrigeren, dem THERMALRESORT K\u00d6CK Bad F\u00fcssing der Nachweis eines h\u00f6heren Schadens vorbehalten. F\u00fcr alle Leistungen hat der Kunde dem THERMALRESORT K\u00d6CK Bad F\u00fcssing die Anzahl\/ Namen der Teilnehmer sp\u00e4testens 5 Werktage (120 Stunden) vor dem Termin der Leistungserbringung mitzuteilen. Kommen weniger Teilnehmer als vereinbart und hat der Kunde nicht sp\u00e4testens 24 h vor Veranstaltungsbeginn diese schriftlich storniert, hat der Kunde nach der vertraglich vereinbarten Teilnehmeranzahl Zahlung zu leisten. Kommen mehr Teilnehmer, wird gem\u00e4\u00df der tats\u00e4chlichen Teilnehmerzahl abgerechnet und die vertraglich vereinbarten Konditionen finden automatisch auch f\u00fcr diese Teilnehmer Anwendung.<\/li>\r\n<li><strong>Service<\/strong><br \/>Das THERMALRESORT K\u00d6CK Bad F\u00fcssing ist bem\u00fcht, Weckauftr\u00e4ge mit der Sorgfalt eines ordentlichen Kaufmanns auszuf\u00fchren. Zu H\u00e4nden des Kunden bestimmte Nachrichten-, Post- und Warensendungen werden mit dieser Sorgfalt behandelt. Das THERMALRESORT K\u00d6CK Bad F\u00fcssing \u00fcbernimmt die Aufbewahrung auf Zeit, Zustellung und auf Wunsch gegen Entgelt, die Nachsendung derselben. Jedwede Haftung des THERMALRESORT K\u00d6CK Bad F\u00fcssing f\u00fcr derartige Leistungen ist ausgeschlossen. Zur\u00fcckgebliebene Sachen des Kunden werden nur auf Anfrage, Risiko und Kosten des Kunden nachgesandt. Das THERMALRESORT K\u00d6CK Bad F\u00fcssing bewahrt die Sachen 6 Monate gem. gesetzlicher Regelungen auf und kann daf\u00fcr eine angemessene Geb\u00fchr berechnen. Danach werden die Sachen, sofern ein erkennbarer Wert besteht, dem lokalen Fundb\u00fcro \u00fcbergeben bzw. d\u00fcrfen vom THERMALRESORT K\u00d6CK Bad F\u00fcssing versteigert werden.<\/li>\r\n<li><strong>Parkplatz \/ Tiefgarage<\/strong><br \/>Soweit dem Kunden ein Stellplatz auf dem Objektparkplatz, auch gegen Entgelt, zur Verf\u00fcgung gestellt wird, kommt dadurch kein Verwahrungsvertrag zustande. Es besteht keine \u00dcberwachungspflicht des THERMALRESORT K\u00d6CK Bad F\u00fcssing. Das THERMALRESORT K\u00d6CK Bad F\u00fcssing haftet nur f\u00fcr unmittelbare Sch\u00e4den am Fahrzeug, die auf einen bei der \u00dcberlassung der Parkfl\u00e4che bereits bestehenden Mangel des Parkplatzes zur\u00fcckzuf\u00fchren sind, h\u00f6chstens jedoch bis zum versicherungsrechtlich relevanten Zeitwert des Fahrzeuges. Der Schaden mu\u00df sp\u00e4testens bei Verlassen des Grundst\u00fcckes gegen\u00fcber dem THERMALRESORT K\u00d6CK Bad F\u00fcssing geltend gemacht werden.<\/li>\r\n<li><strong>Sorgfaltspflicht<\/strong><br \/>Das THERMALRESORT K\u00d6CK Bad F\u00fcssing haftet mit der Sorgfalt eines ordentlichen Kaufmanns. Sollten St\u00f6rungen oder M\u00e4ngel an den Leistungen des THERMALRESORT K\u00d6CK Bad F\u00fcssing auftreten, wird sich das THERMALRESORT K\u00d6CK Bad F\u00fcssing generell und auf unverz\u00fcgliche R\u00fcge des Kunden bem\u00fchen, f\u00fcr Abhilfe zu sorgen. Unabh\u00e4ngig von bisherigen Regelungen und den \u00a7\u00a7 701 ff. BGB haftet das THERMALRESORT K\u00d6CK Bad F\u00fcssing nur bei Vorsatz oder grober Fahrl\u00e4ssigkeit der gesetzlichen Vertreter der Gesellschaft oder der leitenden Angestellten des THERMALRESORT K\u00d6CK Bad F\u00fcssing. Eine Verwahrung bedarf vorheriger ausdr\u00fccklicher Vereinbarung, Aufrechnung, Minderung oder Zur\u00fcckhaltung sind f\u00fcr den Kunden nur bei unstreitigen oder rechtskr\u00e4ftig festgestellten Gegenforderungen zul\u00e4ssig. Eine etwaige Haftung des THERMALRESORT K\u00d6CK Bad F\u00fcssing ist, abgesehen von den \u00a7\u00a7 701 ff. BGB, betragsm\u00e4\u00dfig auf die H\u00f6he des vereinbarten Mietpreises beschr\u00e4nkt. Die Verj\u00e4hrungsfrist f\u00fcr alle Anspr\u00fcche des Kunden betr\u00e4gt 6 Monate, gerechnet ab Beendigung des Vertrages. Diese Haftungsbeschr\u00e4nkung und kurze Verj\u00e4hrungsfrist gelten zugunsten des THERMALRESORT K\u00d6CK Bad F\u00fcssing auch bei Verletzung von Verpflichtungen bei der Vertragsanbahnung, positiver Vertragsverletzungen und unerlaubter Handlungen.<\/li>\r\n<li><strong>H\u00f6here Gewalt<\/strong><br \/>Im Falle h\u00f6herer Gewalt (Brand, Streik, territorial un\u00fcblicher Unwetter z. B. extremer Hagelschlag oder \u00e4hnliches) oder sonstiger, vom THERMALRESORT K\u00d6CK Bad F\u00fcssing nicht zu vertretender Minderungsgr\u00fcnde oder das THERMALRESORT K\u00d6CK Bad F\u00fcssing beeintr\u00e4chtigender Umst\u00e4nde (z. B. Rufgef\u00e4hrdung, insbesondere solcher au\u00dferhalb der Einflu\u00dfsph\u00e4re des THERMALRESORT K\u00d6CK Bad F\u00fcssing) beh\u00e4lt sich das THERMALRESORT K\u00d6CK Bad F\u00fcssing das Recht vor, vom Vertrag zur\u00fcckzutreten, ohne das dem Kunden ein Anspruch z. B. auf Schadensersatz zusteht.<\/li>\r\n<li><strong>Sonstige Sch\u00e4den<\/strong><br \/>F\u00fcr Besch\u00e4digungen oder Verluste, die w\u00e4hrend der Vertragsdauer eintreten, haftet der Kunde dem Thermalresort, sofern nicht der Schaden im Verantwortungsbereich des Thermalresort liegt oder durch einen Dritten verursacht wurde und der Dritte auch tats\u00e4chlich Ersatz leistet, was jeweils vom Kunden nachzuweisen ist.<\/li>\r\n<li><strong>Zusatzbeschaffungen<\/strong><br \/>Soweit das Thermalresort f\u00fcr den Kunden technische oder sonstige Einrichtungen von Dritten beschafft, handelt es in Vollmacht und f\u00fcr Rechnung des Kunden. Derselbige haftet f\u00fcr die pflegliche Behandlung und ordnungsgem\u00e4\u00dfe R\u00fcckgabe der Einrichtungen und stellt das Thermalresort\u00a0 von allen Anspr\u00fcchen Dritter aus der \u00dcberlassung frei.<\/li>\r\n<li><strong>An-\/ Abreise<\/strong><br \/>Gebuchte Zimmer stehen dem Kunden ab 14:00 Uhr zur Verf\u00fcgung. Sie m\u00fcssen am Abreisetag sp\u00e4testens um 10:00 Uhr ger\u00e4umt sein. Sofern nicht ausdr\u00fccklich eine sp\u00e4tere Ankunftszeit vereinbart wurde, hat das Thermalresort das Recht, gebuchte Zimmer nach 18:00 Uhr anderweitig zu vergeben, ohne da\u00df der Kunde hieraus einen Anspruch herleiten kann. Der Kunde erwirbt keinen Anspruch auf Bereitstellung bestimmter Zimmer oder R\u00e4umlichkeiten. Sollten diese in der Auftragsbest\u00e4tigung zugesagt, aber nicht verf\u00fcgbar sein, ist das Thermalresort verpflichtet, sich um gleichwertigen Ersatz im Haus oder in anderen Objekten zu bem\u00fchen.<\/li>\r\n<li><strong>Zahlungsfrist<\/strong><br \/>Nicht kalenderm\u00e4\u00dfig f\u00e4llige Rechnungen sind binnen 10 Tagen ab Rechnungsdatum ohne Abzug zahlbar. Verzug tritt mit dem Zugang der 1. Mahnung ein. Ab Verzugseintritt ist die Rechnung mit 4 % \u00fcber dem Bundesbankdiskontsatz zu verzinsen, falls nicht das Thermalresort einen h\u00f6heren oder der Kunde einen niedrigeren Verzugsschaden nachweist. F\u00fcr jede Mahnung nach Verzugseintritt wird eine Mahngeb\u00fchr von 5,00 Euro geschuldet.<br \/>Erf\u00fcllungsort und Gerichtsstand<br \/>Erf\u00fcllungsort und Zahlungsort ist f\u00fcr beide Seiten der Ort des Thermalresort. Es gilt deutsches Recht. Gerichtsstand ist im kaufm\u00e4nnischen Verkehr nach Wahl des Thermalresort der Firmensitz bzw. der Ort des Thermalresort.<\/li>\r\n<li><strong>Allgemeines und salvatorische Klausel<\/strong><br \/>Abweichende Vereinbarungen oder Nebenabreden bed\u00fcrfen zu ihrer Wirksamkeit der Schriftform. Sollten einzelne Bestimmungen dieses Vertrages einschlie\u00dflich dieser Gesch\u00e4ftsbedingungen unwirksam sein, ber\u00fchrt dieses die Wirksamkeit der \u00fcbrigen Bestimmungen nicht. Die Parteien werden die unwirksamen Bestimmungen unverz\u00fcglich durch solche wirksamen ersetzen, die den unwirksamen in ihrem Sinngehalt m\u00f6glichst nahe kommen.<\/li>\r\n<\/ol>\r\n","protected":false},"excerpt":{"rendered":"<p>Haftungsausschluss Hotel KOECK TERMS &amp; CONDITIONS der Josef und Agnes K\u00f6ck GbR f\u00fcr erbrachte Leistungen im THERMALRESORT K\u00d6CK in Bad F\u00fcssing. Vertragsverh\u00e4ltnisDer Vertrag kommt durch die Auftragsbest\u00e4tigung des Thermalresort K\u00f6ck mit dem Kunden (einheitliche Bezeichnung f\u00fcr Besteller, Veranstalter, Gast usw.) [&hellip;]<\/p>\n","protected":false},"author":1,"featured_media":3512,"parent":0,"menu_order":0,"comment_status":"closed","ping_status":"closed","template":"elementor_canvas","meta":{"footnotes":""},"class_list":["post-4073","page","type-page","status-publish","has-post-thumbnail","hentry"],"_links":{"self":[{"href":"https:\/\/koeck.de\/en\/wp-json\/wp\/v2\/pages\/4073","targetHints":{"allow":["GET"]}}],"collection":[{"href":"https:\/\/koeck.de\/en\/wp-json\/wp\/v2\/pages"}],"about":[{"href":"https:\/\/koeck.de\/en\/wp-json\/wp\/v2\/types\/page"}],"author":[{"embeddable":true,"href":"https:\/\/koeck.de\/en\/wp-json\/wp\/v2\/users\/1"}],"replies":[{"embeddable":true,"href":"https:\/\/koeck.de\/en\/wp-json\/wp\/v2\/comments?post=4073"}],"version-history":[{"count":0,"href":"https:\/\/koeck.de\/en\/wp-json\/wp\/v2\/pages\/4073\/revisions"}],"wp:featuredmedia":[{"embeddable":true,"href":"https:\/\/koeck.de\/en\/wp-json\/wp\/v2\/media\/3512"}],"wp:attachment":[{"href":"https:\/\/koeck.de\/en\/wp-json\/wp\/v2\/media?parent=4073"}],"curies":[{"name":"wp","href":"https:\/\/api.w.org\/{rel}","templated":true}]}}